{"id":549,"date":"2023-02-13T11:09:58","date_gmt":"2023-02-13T11:09:58","guid":{"rendered":"https:\/\/studiotomasos.it\/?page_id=549"},"modified":"2023-03-10T15:40:47","modified_gmt":"2023-03-10T15:40:47","slug":"endocrinologia","status":"publish","type":"page","link":"https:\/\/studiotomasos.it\/?page_id=549","title":{"rendered":"Endocrinologia"},"content":{"rendered":"\t\t<div data-elementor-type=\"post\" data-elementor-id=\"549\" class=\"elementor elementor-549\" data-elementor-settings=\"[]\">\n\t\t\t<div class=\"elementor-inner\">\n\t\t\t\t<div class=\"elementor-section-wrap\">\n\t\t\t\t\t\t\t<section class=\"elementor-element elementor-element-6b1e8da elementor-section-full_width elementor-section-height-default elementor-section-height-default elementor-section elementor-top-section\" data-id=\"6b1e8da\" data-element_type=\"section\">\n\t\t\t\t\t\t<div class=\"elementor-container elementor-column-gap-no\">\n\t\t\t\t<div class=\"elementor-row\">\n\t\t\t\t<div class=\"elementor-element elementor-element-5dbb866 elementor-column elementor-col-100 elementor-top-column\" data-id=\"5dbb866\" data-element_type=\"column\">\n\t\t\t<div class=\"elementor-column-wrap  elementor-element-populated\">\n\t\t\t\t\t<div class=\"elementor-widget-wrap\">\n\t\t\t\t<div class=\"elementor-element elementor-element-ac010d3 elementor-align-center elementor-widget__width-inherit elementor-widget elementor-widget-bdevs-banner\" data-id=\"ac010d3\" data-element_type=\"widget\" data-widget_type=\"bdevs-banner.default\">\n\t\t\t\t<div class=\"elementor-widget-container\">\n\t\t\t\t\t<!-- breadcrumb-area -->\r\n        <section class=\"breadcrumb-area d-flex align-items-center\" style=\"background-image:url(https:\/\/studiotomasos.it\/wp-content\/uploads\/2023\/02\/2.png)\">\r\n            <div class=\"container\">\r\n                <div class=\"row\">\r\n                    <div class=\"col-xl-6 offset-xl-3 col-lg-8 offset-lg-2\">\r\n                        <div class=\"breadcrumb-wrap text-center\">\r\n                            <div class=\"breadcrumb-title mb-30\">\r\n                                <h2>Endocrinologia<\/h2>                                    \r\n                            <\/div>\r\n                                                        <nav aria-label=\"breadcrumb\">\r\n                                <ol class=\"breadcrumb\">\r\n                                    <li class=\"breadcrumb-item\"><a href=\"https:\/\/studiotomasos.it\/\">Home<\/a><\/li>\r\n                                    <li class=\"breadcrumb-item active\" aria-current=\"page\">studio<\/li>\r\n                                <\/ol>\r\n                            <\/nav>\r\n                        \t                        <\/div>\r\n                    <\/div>\r\n                <\/div>\r\n            <\/div>\r\n        <\/section>\r\n        <!-- breadcrumb-area-end -->\r\n\t\t\t<\/div>\n\t\t\t\t<\/div>\n\t\t\t\t\t\t<\/div>\n\t\t\t<\/div>\n\t\t<\/div>\n\t\t\t\t\t\t<\/div>\n\t\t\t<\/div>\n\t\t<\/section>\n\t\t\t\t<section class=\"elementor-element elementor-element-709678c elementor-section-full_width elementor-section-height-default elementor-section-height-default elementor-section elementor-top-section\" data-id=\"709678c\" data-element_type=\"section\">\n\t\t\t\t\t\t<div class=\"elementor-container elementor-column-gap-default\">\n\t\t\t\t<div class=\"elementor-row\">\n\t\t\t\t<div class=\"elementor-element elementor-element-abcff4b elementor-column elementor-col-100 elementor-top-column\" data-id=\"abcff4b\" data-element_type=\"column\">\n\t\t\t<div class=\"elementor-column-wrap  elementor-element-populated\">\n\t\t\t\t\t<div class=\"elementor-widget-wrap\">\n\t\t\t\t<div class=\"elementor-element elementor-element-359283d elementor-widget elementor-widget-spacer\" data-id=\"359283d\" data-element_type=\"widget\" data-widget_type=\"spacer.default\">\n\t\t\t\t<div class=\"elementor-widget-container\">\n\t\t\t\t\t<div class=\"elementor-spacer\">\n\t\t\t<div class=\"elementor-spacer-inner\"><\/div>\n\t\t<\/div>\n\t\t\t\t<\/div>\n\t\t\t\t<\/div>\n\t\t\t\t\t\t<\/div>\n\t\t\t<\/div>\n\t\t<\/div>\n\t\t\t\t\t\t<\/div>\n\t\t\t<\/div>\n\t\t<\/section>\n\t\t\t\t<section class=\"elementor-element elementor-element-f853fd4 elementor-section-full_width elementor-section-height-default elementor-section-height-default elementor-section elementor-top-section\" data-id=\"f853fd4\" data-element_type=\"section\">\n\t\t\t\t\t\t<div class=\"elementor-container elementor-column-gap-default\">\n\t\t\t\t<div class=\"elementor-row\">\n\t\t\t\t<div class=\"elementor-element elementor-element-8c9ae36 elementor-column elementor-col-50 elementor-top-column\" data-id=\"8c9ae36\" data-element_type=\"column\">\n\t\t\t<div class=\"elementor-column-wrap  elementor-element-populated\">\n\t\t\t\t\t<div class=\"elementor-widget-wrap\">\n\t\t\t\t<div class=\"elementor-element elementor-element-4342f0d elementor-widget elementor-widget-image\" data-id=\"4342f0d\" data-element_type=\"widget\" data-widget_type=\"image.default\">\n\t\t\t\t<div class=\"elementor-widget-container\">\n\t\t\t\t\t<div class=\"elementor-image\">\n\t\t\t\t\t\t\t\t\t\t<img loading=\"lazy\" decoding=\"async\" width=\"800\" height=\"600\" src=\"https:\/\/studiotomasos.it\/wp-content\/uploads\/2023\/03\/Senza-titolo-700-\u00d7-400-px-1024-\u00d7-1024-px-800-\u00d7-600-px.png\" class=\"attachment-large size-large\" alt=\"\" srcset=\"https:\/\/studiotomasos.it\/wp-content\/uploads\/2023\/03\/Senza-titolo-700-\u00d7-400-px-1024-\u00d7-1024-px-800-\u00d7-600-px.png 800w, https:\/\/studiotomasos.it\/wp-content\/uploads\/2023\/03\/Senza-titolo-700-\u00d7-400-px-1024-\u00d7-1024-px-800-\u00d7-600-px-300x225.png 300w, https:\/\/studiotomasos.it\/wp-content\/uploads\/2023\/03\/Senza-titolo-700-\u00d7-400-px-1024-\u00d7-1024-px-800-\u00d7-600-px-768x576.png 768w\" sizes=\"(max-width: 800px) 100vw, 800px\" \/>\t\t\t\t\t\t\t\t\t\t\t<\/div>\n\t\t\t\t<\/div>\n\t\t\t\t<\/div>\n\t\t\t\t\t\t<\/div>\n\t\t\t<\/div>\n\t\t<\/div>\n\t\t\t\t<div class=\"elementor-element elementor-element-d6c3b8c elementor-column elementor-col-50 elementor-top-column\" data-id=\"d6c3b8c\" data-element_type=\"column\">\n\t\t\t<div class=\"elementor-column-wrap  elementor-element-populated\">\n\t\t\t\t\t<div class=\"elementor-widget-wrap\">\n\t\t\t\t<div class=\"elementor-element elementor-element-841b8b7 elementor-widget elementor-widget-text-editor\" data-id=\"841b8b7\" data-element_type=\"widget\" data-widget_type=\"text-editor.default\">\n\t\t\t\t<div class=\"elementor-widget-container\">\n\t\t\t\t\t<div class=\"elementor-text-editor elementor-clearfix\"><h1><strong>Endocrinologia<\/strong><\/h1><div class=\"page\" title=\"Page 1\"><div class=\"layoutArea\"><div class=\"column\"><p>L&#8217;<strong>endocrinologia<\/strong> \u00e8 la <strong>branca<\/strong> della <strong>medicina<\/strong> che si occupa dello studio delle <strong>ghiandole<\/strong> a <strong>secrezione interna<\/strong> e degli <strong>ormoni<\/strong> in relazione alla loro natura, produzione e azione. Le ghiandole a secrezione interna sono quelle che rilasciano il proprio prodotto di secrezione (tipicamente ma non necessariamente un ormone) nei fluidi circolanti: tiroide, paratiroidi, ipofisi, epifisi, timo, ghiandole surrenali, pancreas endocrino, ghiandola interstiziale del testicolo, ghiandola interstiziale dell&#8217;ovaio.<\/p><\/div><\/div><\/div><\/div>\n\t\t\t\t<\/div>\n\t\t\t\t<\/div>\n\t\t\t\t<div class=\"elementor-element elementor-element-d46d03f elementor-widget elementor-widget-button\" data-id=\"d46d03f\" data-element_type=\"widget\" data-widget_type=\"button.default\">\n\t\t\t\t<div class=\"elementor-widget-container\">\n\t\t\t\t\t<div class=\"elementor-button-wrapper\">\n\t\t\t<a href=\"https:\/\/studiotomasos.it\/contatti\/\" class=\"elementor-button-link elementor-button elementor-size-md\" role=\"button\">\n\t\t\t\t\t\t<span class=\"elementor-button-content-wrapper\">\n\t\t\t\t\t\t<span class=\"elementor-button-icon elementor-align-icon-right\">\n\t\t\t\t<i class=\"fa fa-angle-right\" aria-hidden=\"true\"><\/i>\n\t\t\t<\/span>\n\t\t\t\t\t\t<span class=\"elementor-button-text\">PRENOTA<\/span>\n\t\t<\/span>\n\t\t\t\t\t<\/a>\n\t\t<\/div>\n\t\t\t\t<\/div>\n\t\t\t\t<\/div>\n\t\t\t\t\t\t<\/div>\n\t\t\t<\/div>\n\t\t<\/div>\n\t\t\t\t\t\t<\/div>\n\t\t\t<\/div>\n\t\t<\/section>\n\t\t\t\t\t\t<\/div>\n\t\t\t<\/div>\n\t\t<\/div>\n\t\t","protected":false},"excerpt":{"rendered":"<p>Endocrinologia Home studio EndocrinologiaL&#8217;endocrinologia \u00e8 la branca della medicina che si occupa dello studio delle ghiandole a secrezione interna e degli ormoni in relazione alla loro natura, produzione e azione. Le ghiandole a secrezione interna sono quelle che rilasciano il proprio prodotto di secrezione (tipicamente ma non necessariamente un ormone) nei fluidi circolanti: tiroide, paratiroidi, [&hellip;]<\/p>\n","protected":false},"author":1,"featured_media":0,"parent":0,"menu_order":0,"comment_status":"closed","ping_status":"closed","template":"page-templates\/page-builder.php","meta":{"_mi_skip_tracking":false,"footnotes":""},"aioseo_notices":[],"_links":{"self":[{"href":"https:\/\/studiotomasos.it\/index.php?rest_route=\/wp\/v2\/pages\/549"}],"collection":[{"href":"https:\/\/studiotomasos.it\/index.php?rest_route=\/wp\/v2\/pages"}],"about":[{"href":"https:\/\/studiotomasos.it\/index.php?rest_route=\/wp\/v2\/types\/page"}],"author":[{"embeddable":true,"href":"https:\/\/studiotomasos.it\/index.php?rest_route=\/wp\/v2\/users\/1"}],"replies":[{"embeddable":true,"href":"https:\/\/studiotomasos.it\/index.php?rest_route=%2Fwp%2Fv2%2Fcomments&post=549"}],"version-history":[{"count":10,"href":"https:\/\/studiotomasos.it\/index.php?rest_route=\/wp\/v2\/pages\/549\/revisions"}],"predecessor-version":[{"id":710,"href":"https:\/\/studiotomasos.it\/index.php?rest_route=\/wp\/v2\/pages\/549\/revisions\/710"}],"wp:attachment":[{"href":"https:\/\/studiotomasos.it\/index.php?rest_route=%2Fwp%2Fv2%2Fmedia&parent=549"}],"curies":[{"name":"wp","href":"https:\/\/api.w.org\/{rel}","templated":true}]}}